{"id":1812,"date":"2019-11-27T10:21:22","date_gmt":"2019-11-27T10:21:22","guid":{"rendered":"https:\/\/safetyhouseksa.com\/?post_type=product&#038;p=1812"},"modified":"2019-11-27T10:21:22","modified_gmt":"2019-11-27T10:21:22","slug":"scott-protege-zm-h2s-monitor","status":"publish","type":"product","link":"https:\/\/safetyhouseksa.com\/index.php\/product\/scott-protege-zm-h2s-monitor\/","title":{"rendered":"SCOTT PROT\u00c9G\u00c9 ZM H2S MONITOR"},"content":{"rendered":"<p>The Scott Prot\u00e9g\u00e9 ZM Single Gas Monitor is an easy-to-use, zero-maintenance gas detection solution that delivers high performance in a small package. The product is available in oxygen, carbon monoxide and hydrogen sulfide models. Once activated, the Prot\u00e9g\u00e9 ZM monitor does not require charging or calibration and will operate for two years, maintenance avvnd hassle free.<\/p>\n","protected":false},"excerpt":{"rendered":"<p>The Scott Prot\u00e9g\u00e9 ZM Single Gas Monitor is an easy-to-use, zero-maintenance gas detection solution that delivers high performance in a small package. The product <\/p>\n","protected":false},"featured_media":1815,"comment_status":"open","ping_status":"closed","template":"","meta":[],"_links":{"self":[{"href":"https:\/\/safetyhouseksa.com\/index.php\/wp-json\/wp\/v2\/product\/1812"}],"collection":[{"href":"https:\/\/safetyhouseksa.com\/index.php\/wp-json\/wp\/v2\/product"}],"about":[{"href":"https:\/\/safetyhouseksa.com\/index.php\/wp-json\/wp\/v2\/types\/product"}],"replies":[{"embeddable":true,"href":"https:\/\/safetyhouseksa.com\/index.php\/wp-json\/wp\/v2\/comments?post=1812"}],"wp:featuredmedia":[{"embeddable":true,"href":"https:\/\/safetyhouseksa.com\/index.php\/wp-json\/wp\/v2\/media\/1815"}],"wp:attachment":[{"href":"https:\/\/safetyhouseksa.com\/index.php\/wp-json\/wp\/v2\/media?parent=1812"}],"curies":[{"name":"wp","href":"https:\/\/api.w.org\/{rel}","templated":true}]}}